{"id":33,"date":"2023-10-10T16:42:47","date_gmt":"2023-10-10T14:42:47","guid":{"rendered":"https:\/\/personalforyou.com\/?page_id=33"},"modified":"2024-01-03T12:57:49","modified_gmt":"2024-01-03T11:57:49","slug":"impressum","status":"publish","type":"page","link":"https:\/\/personalforyou.com\/pl\/impressum\/","title":{"rendered":"Nadruk"},"content":{"rendered":"<p>Odpowiedzialny za zawarto\u015b\u0107 tej strony:<br \/><br \/><strong>osobiste dla Ciebie<br \/><\/strong>Tw\u00f3j partner w zakresie rozwi\u0105za\u0144 kadrowych<br \/>Hohnerstrasse 25<br \/>70469 Stuttgart<br \/><br \/>Tel. <a href=\"tel:497112534810\">+49 711 25 35 81 \u2013 0<\/a><br \/>faks <a href=\"tel:4971125358110\">+49 711 25 35 81 \u2013 10<\/a><br \/><a href=\"mailto:info@personalforyou.com\">info@personalforyou.com<br \/><\/a><a href=\"https:\/\/personalforyou.com\/pl\/\">www.personalforyou.com<br \/><\/a><br \/>W\u0142a\u015bciciel Demo Federico e.K.<br \/><br \/>Siedziba g\u0142\u00f3wna Stuttgart<br \/>Numer rejestru handlowego HRA 730404<br \/>S\u0105d rejonowy w Stuttgarcie<br \/>Nr podatkowy 93061\/32919<br \/>IDENTYFIKATOR VAT. DE297802665<br \/>wykonane przez <a href=\"http:\/\/www.lichtblick.digital\" rel=\"nofollow noopener\" target=\"_blank\">www.lichtblick.digital<\/a><\/p>\r\n\r\n\r\n\r\n<div class=\"wp-block-spacer\" style=\"height: 74px;\" aria-hidden=\"true\">\u00a0<\/div>\r\n\r\n\r\n\r\n<h4 class=\"wp-block-heading\">Zastrze\u017cenie<\/h4>\r\n\r\n\r\n\r\n<div class=\"wp-block-spacer\" style=\"height: 20px;\" aria-hidden=\"true\">\u00a0<\/div>\r\n\r\n\r\n\r\n<h5 class=\"wp-block-heading\">Odpowiedzialno\u015b\u0107 za tre\u015b\u0107<\/h5>\r\n\r\n\r\n\r\n<p>Zawarto\u015b\u0107 naszej strony internetowej zosta\u0142a stworzona z najwy\u017csz\u0105 staranno\u015bci\u0105. Nie mo\u017cemy jednak ponosi\u0107 odpowiedzialno\u015bci za dok\u0142adno\u015b\u0107, kompletno\u015b\u0107 i aktualno\u015b\u0107 tre\u015bci. Jako dostawca us\u0142ug jeste\u015bmy odpowiedzialni za w\u0142asne tre\u015bci na tych stronach zgodnie z \u00a7 7 ust. 1 TMG (niemiecka ustawa o telemediach) i og\u00f3lnymi przepisami prawa. Zgodnie z \u00a7\u00a7 8 do 10 TMG, jako us\u0142ugodawca nie jeste\u015bmy jednak zobowi\u0105zani do monitorowania przesy\u0142anych lub przechowywanych informacji os\u00f3b trzecich ani do badania okoliczno\u015bci wskazuj\u0105cych na nielegaln\u0105 dzia\u0142alno\u015b\u0107. Nie ma to wp\u0142ywu na obowi\u0105zek usuni\u0119cia lub zablokowania korzystania z informacji zgodnie z og\u00f3lnymi przepisami prawa. Odpowiedzialno\u015b\u0107 w tym zakresie jest jednak mo\u017cliwa dopiero od momentu powzi\u0119cia informacji o konkretnym naruszeniu. Gdy tylko dowiemy si\u0119 o takich naruszeniach, niezw\u0142ocznie usuniemy te tre\u015bci.<\/p>\r\n\r\n\r\n\r\n<div class=\"wp-block-spacer\" style=\"height: 70px;\" aria-hidden=\"true\">\u00a0<\/div>\r\n\r\n\r\n\r\n<h5 class=\"wp-block-heading\">Odpowiedzialno\u015b\u0107 za linki<\/h5>\r\n\r\n\r\n\r\n<p>Nasza witryna internetowa zawiera \u0142\u0105cza do zewn\u0119trznych witryn internetowych os\u00f3b trzecich, na kt\u00f3rych tre\u015b\u0107 nie mamy wp\u0142ywu. W zwi\u0105zku z tym nie mo\u017cemy ponosi\u0107 \u017cadnej odpowiedzialno\u015bci za tre\u015bci stron trzecich. Odpowiedni dostawca lub operator stron jest zawsze odpowiedzialny za tre\u015b\u0107 stron, do kt\u00f3rych prowadz\u0105 linki.<br \/><br \/>Po\u0142\u0105czone strony zosta\u0142y sprawdzone pod k\u0105tem mo\u017cliwych narusze\u0144 prawa w momencie \u0142\u0105czenia. Nielegalne tre\u015bci nie by\u0142y rozpoznawalne w momencie linkowania. Sta\u0142e monitorowanie tre\u015bci stron, do kt\u00f3rych prowadz\u0105 linki, nie jest jednak uzasadnione bez konkretnych dowod\u00f3w naruszenia prawa. Je\u015bli dowiemy si\u0119 o jakichkolwiek naruszeniach prawa, niezw\u0142ocznie usuniemy takie linki.<\/p>\r\n\r\n\r\n\r\n<div class=\"wp-block-spacer\" style=\"height: 70px;\" aria-hidden=\"true\">\u00a0<\/div>\r\n\r\n\r\n\r\n<h5 class=\"wp-block-heading\">Prawa autorskie<\/h5>\r\n\r\n\r\n\r\n<p>Tre\u015bci i dzie\u0142a stworzone przez operator\u00f3w witryn na tych stronach podlegaj\u0105 niemieckiemu prawu autorskiemu. Powielanie, przetwarzanie, rozpowszechnianie i wszelkiego rodzaju wykorzystywanie poza granicami prawa autorskiego wymaga pisemnej zgody odpowiedniego autora lub tw\u00f3rcy. Pobieranie i kopiowanie tej strony jest dozwolone wy\u0142\u0105cznie do prywatnego, niekomercyjnego u\u017cytku. O ile tre\u015bci na tej stronie nie zosta\u0142y stworzone przez operatora, prawa autorskie os\u00f3b trzecich s\u0105 przestrzegane. W szczeg\u00f3lno\u015bci tre\u015bci os\u00f3b trzecich s\u0105 oznaczone jako takie. Je\u015bli mimo to dowiesz si\u0119 o naruszeniu praw autorskich, poinformuj nas o tym. Je\u015bli dowiemy si\u0119 o jakichkolwiek naruszeniach, niezw\u0142ocznie usuniemy takie tre\u015bci.<\/p>","protected":false},"excerpt":{"rendered":"<p>Verantwortlich f\u00fcr den Inhalt dieser Seite: personal for youIhr Partner f\u00fcr Personall\u00f6sungenHohnerstra\u00dfe 2570469 Stuttgart Tel. +49 711 25 35 81 &#8211; 0Fax +49 711 25 35 81 &#8211; 10info@personalforyou.comwww.personalforyou.comInhaber Demo Federico e.K. Firmensitz StuttgartHandelsregisternummer HRA 730404Amtsgericht StuttgartSteuer Nr. 93061\/32919Ust.-ID. DE297802665made by www.lichtblick.digital Haftungsausschluss Haftung f\u00fcr Inhalte Die Inhalte unserer Seite wurden mit gr\u00f6\u00dfter Sorgfalt erstellt. [&hellip;]<\/p>\n","protected":false},"author":1,"featured_media":0,"parent":0,"menu_order":0,"comment_status":"closed","ping_status":"closed","template":"templates\/template-privacy.php","meta":{"_acf_changed":false,"inline_featured_image":false,"footnotes":""},"class_list":["post-33","page","type-page","status-publish","hentry"],"acf":[],"_links":{"self":[{"href":"https:\/\/personalforyou.com\/pl\/wp-json\/wp\/v2\/pages\/33","targetHints":{"allow":["GET"]}}],"collection":[{"href":"https:\/\/personalforyou.com\/pl\/wp-json\/wp\/v2\/pages"}],"about":[{"href":"https:\/\/personalforyou.com\/pl\/wp-json\/wp\/v2\/types\/page"}],"author":[{"embeddable":true,"href":"https:\/\/personalforyou.com\/pl\/wp-json\/wp\/v2\/users\/1"}],"replies":[{"embeddable":true,"href":"https:\/\/personalforyou.com\/pl\/wp-json\/wp\/v2\/comments?post=33"}],"version-history":[{"count":0,"href":"https:\/\/personalforyou.com\/pl\/wp-json\/wp\/v2\/pages\/33\/revisions"}],"wp:attachment":[{"href":"https:\/\/personalforyou.com\/pl\/wp-json\/wp\/v2\/media?parent=33"}],"curies":[{"name":"wp","href":"https:\/\/api.w.org\/{rel}","templated":true}]}}