{"id":33,"date":"2023-10-10T16:42:47","date_gmt":"2023-10-10T14:42:47","guid":{"rendered":"https:\/\/personalforyou.com\/?page_id=33"},"modified":"2024-01-03T12:57:49","modified_gmt":"2024-01-03T11:57:49","slug":"impressum","status":"publish","type":"page","link":"https:\/\/personalforyou.com\/it\/impressum\/","title":{"rendered":"Impronta"},"content":{"rendered":"<p>Responsabile del contenuto di questa pagina:<br \/><br \/><strong>personale per voi<br \/><\/strong>Il vostro partner per le soluzioni per il personale<br \/>Hohnerstrasse 25<br \/>70469 Stoccarda<br \/><br \/>Tel. <a href=\"tel:497112534810\">+49 711 25 35 81 \u2013 0<\/a><br \/>fax <a href=\"tel:4971125358110\">+49 711 25 35 81 \u2013 10<\/a><br \/><a href=\"mailto:info@personalforyou.com\">info@personalforyou.com<br \/><\/a><a href=\"https:\/\/personalforyou.com\/it\/\">www.personalforyou.com<br \/><\/a><br \/>Proprietario Demo Federico e.K.<br \/><br \/>Sede centrale Stoccarda<br \/>Numero di registro commerciale HRA 730404<br \/>Tribunale di Stoccarda<br \/>Codice fiscale 93061\/32919<br \/>ID IVA. DE297802665<br \/>realizzato da <a href=\"http:\/\/www.lichtblick.digital\" rel=\"nofollow noopener\" target=\"_blank\">www.lichtblick.digital<\/a><\/p>\r\n\r\n\r\n\r\n<div class=\"wp-block-spacer\" style=\"height: 74px;\" aria-hidden=\"true\">\u00a0<\/div>\r\n\r\n\r\n\r\n<h4 class=\"wp-block-heading\">Dichiarazione di non responsabilit\u00e0<\/h4>\r\n\r\n\r\n\r\n<div class=\"wp-block-spacer\" style=\"height: 20px;\" aria-hidden=\"true\">\u00a0<\/div>\r\n\r\n\r\n\r\n<h5 class=\"wp-block-heading\">Responsabilit\u00e0 per i contenuti<\/h5>\r\n\r\n\r\n\r\n<p>I contenuti del nostro sito sono stati creati con la massima cura. Tuttavia, non possiamo assumerci alcuna responsabilit\u00e0 per l'accuratezza, la completezza e l'attualit\u00e0 dei contenuti. In qualit\u00e0 di fornitore di servizi, siamo responsabili dei nostri contenuti su queste pagine ai sensi del \u00a7 7 comma 1 TMG (legge tedesca sui media telematici) e delle leggi generali. Ai sensi dei \u00a7\u00a7 8-10 TMG, tuttavia, in qualit\u00e0 di fornitore di servizi non siamo obbligati a monitorare le informazioni trasmesse o memorizzate da terzi o a indagare su circostanze che indicano un'attivit\u00e0 illegale. L'obbligo di rimuovere o bloccare l'uso delle informazioni in conformit\u00e0 alla legislazione generale rimane inalterato. Tuttavia, la responsabilit\u00e0 in questo senso \u00e8 possibile solo a partire dal momento in cui si viene a conoscenza di una specifica violazione. Non appena verremo a conoscenza di tali violazioni, provvederemo a rimuovere immediatamente tali contenuti.<\/p>\r\n\r\n\r\n\r\n<div class=\"wp-block-spacer\" style=\"height: 70px;\" aria-hidden=\"true\">\u00a0<\/div>\r\n\r\n\r\n\r\n<h5 class=\"wp-block-heading\">Responsabilit\u00e0 per i link<\/h5>\r\n\r\n\r\n\r\n<p>Il nostro sito web contiene link a siti esterni di terzi sui cui contenuti non abbiamo alcuna influenza. Pertanto, non ci assumiamo alcuna responsabilit\u00e0 per questi contenuti di terzi. Il rispettivo fornitore o gestore delle pagine \u00e8 sempre responsabile del contenuto delle pagine collegate.<br \/><br \/>Le pagine collegate sono state controllate per verificare eventuali violazioni legali al momento del collegamento. I contenuti illegali non erano riconoscibili al momento del collegamento. Tuttavia, un controllo permanente del contenuto delle pagine collegate non \u00e8 ragionevole senza prove concrete di una violazione. Nel caso in cui venissimo a conoscenza di eventuali violazioni di legge, provvederemo a rimuovere immediatamente tali link.<\/p>\r\n\r\n\r\n\r\n<div class=\"wp-block-spacer\" style=\"height: 70px;\" aria-hidden=\"true\">\u00a0<\/div>\r\n\r\n\r\n\r\n<h5 class=\"wp-block-heading\">Copyright<\/h5>\r\n\r\n\r\n\r\n<p>I contenuti e le opere create dagli operatori del sito su queste pagine sono soggetti alla legge tedesca sul diritto d'autore. La duplicazione, l'elaborazione, la distribuzione e qualsiasi tipo di utilizzo al di fuori dei limiti della legge sul copyright richiedono il consenso scritto del rispettivo autore o creatore. Download e copie di questo sito sono consentiti solo per uso privato e non commerciale. Nella misura in cui i contenuti di questo sito non sono stati creati dall'operatore, vengono rispettati i diritti d'autore di terzi. In particolare, i contenuti di terzi sono contrassegnati come tali. Se tuttavia doveste venire a conoscenza di una violazione del copyright, siete pregati di informarci. Qualora venissimo a conoscenza di violazioni, provvederemo a rimuovere immediatamente tali contenuti.<\/p>","protected":false},"excerpt":{"rendered":"<p>Verantwortlich f\u00fcr den Inhalt dieser Seite: personal for youIhr Partner f\u00fcr Personall\u00f6sungenHohnerstra\u00dfe 2570469 Stuttgart Tel. +49 711 25 35 81 &#8211; 0Fax +49 711 25 35 81 &#8211; 10info@personalforyou.comwww.personalforyou.comInhaber Demo Federico e.K. Firmensitz StuttgartHandelsregisternummer HRA 730404Amtsgericht StuttgartSteuer Nr. 93061\/32919Ust.-ID. DE297802665made by www.lichtblick.digital Haftungsausschluss Haftung f\u00fcr Inhalte Die Inhalte unserer Seite wurden mit gr\u00f6\u00dfter Sorgfalt erstellt. [&hellip;]<\/p>\n","protected":false},"author":1,"featured_media":0,"parent":0,"menu_order":0,"comment_status":"closed","ping_status":"closed","template":"templates\/template-privacy.php","meta":{"_acf_changed":false,"inline_featured_image":false,"footnotes":""},"class_list":["post-33","page","type-page","status-publish","hentry"],"acf":[],"_links":{"self":[{"href":"https:\/\/personalforyou.com\/it\/wp-json\/wp\/v2\/pages\/33","targetHints":{"allow":["GET"]}}],"collection":[{"href":"https:\/\/personalforyou.com\/it\/wp-json\/wp\/v2\/pages"}],"about":[{"href":"https:\/\/personalforyou.com\/it\/wp-json\/wp\/v2\/types\/page"}],"author":[{"embeddable":true,"href":"https:\/\/personalforyou.com\/it\/wp-json\/wp\/v2\/users\/1"}],"replies":[{"embeddable":true,"href":"https:\/\/personalforyou.com\/it\/wp-json\/wp\/v2\/comments?post=33"}],"version-history":[{"count":0,"href":"https:\/\/personalforyou.com\/it\/wp-json\/wp\/v2\/pages\/33\/revisions"}],"wp:attachment":[{"href":"https:\/\/personalforyou.com\/it\/wp-json\/wp\/v2\/media?parent=33"}],"curies":[{"name":"parola chiave","href":"https:\/\/api.w.org\/{rel}","templated":true}]}}