{"id":33,"date":"2023-10-10T16:42:47","date_gmt":"2023-10-10T14:42:47","guid":{"rendered":"https:\/\/personalforyou.com\/?page_id=33"},"modified":"2024-01-03T12:57:49","modified_gmt":"2024-01-03T11:57:49","slug":"impressum","status":"publish","type":"page","link":"https:\/\/personalforyou.com\/hr\/impressum\/","title":{"rendered":"otisak"},"content":{"rendered":"<p>Odgovornost za sadr\u017eaj ove stranice:<br \/><br \/><strong>personal for you<br \/><\/strong>Va\u0161 partner za kadrovska rje\u0161enja<br \/>Hohnerstrasse 25<br \/>70469 Stuttgart<br \/><br \/>Tel. <a href=\"tel:497112534810\">+49 711 25 35 81 \u2013 0<\/a><br \/>faks <a href=\"tel:4971125358110\">+49 711 25 35 81 \u2013 10<\/a><br \/><a href=\"mailto:info@personalforyou.com\">info@personalforyou.com<br \/><\/a><a href=\"https:\/\/personalforyou.com\/hr\/\">www.personalforyou.com<br \/><\/a><br \/>Vlasnik Demo Federico eK<br \/><br \/>Sjedi\u0161te Stuttgart<br \/>Mati\u010dni broj HRA 730404<br \/>Okru\u017eni sud Stuttgart<br \/>Porezni broj 93061\/32919<br \/>PDV ID DE297802665<br \/>izradio <a href=\"http:\/\/www.lichtblick.digital\" rel=\"nofollow noopener\" target=\"_blank\">www.lichtblick.digitalno<\/a><\/p>\r\n\r\n\r\n\r\n<div class=\"wp-block-spacer\" style=\"height: 74px;\" aria-hidden=\"true\">\u00a0<\/div>\r\n\r\n\r\n\r\n<h4 class=\"wp-block-heading\">Odricanje<\/h4>\r\n\r\n\r\n\r\n<div class=\"wp-block-spacer\" style=\"height: 20px;\" aria-hidden=\"true\">\u00a0<\/div>\r\n\r\n\r\n\r\n<h5 class=\"wp-block-heading\">Odgovornost za sadr\u017eaj<\/h5>\r\n\r\n\r\n\r\n<p>Sadr\u017eaj na\u0161e stranice kreiran je s najve\u0107om pa\u017enjom. Me\u0111utim, ne mo\u017eemo jam\u010diti da je sadr\u017eaj to\u010dan, potpun ili a\u017euran. Kao pru\u017eatelj usluga odgovorni smo za vlastiti sadr\u017eaj na ovim stranicama u skladu s op\u0107im zakonima u skladu s Odjeljkom 7. stavkom 1. TMG-a. Me\u0111utim, prema Odjeljcima 8 do 10 TMG, kao pru\u017eatelj usluga nismo obvezni nadzirati prenesene ili pohranjene podatke tre\u0107ih strana ili istra\u017eivati okolnosti koje ukazuju na nezakonitu aktivnost. Obveze uklanjanja ili blokiranja kori\u0161tenja informacija u skladu s op\u0107im zakonom ostaju nepromijenjene. Me\u0111utim, odgovornost u tom pogledu mogu\u0107a je tek od trenutka saznanja za konkretnu pravnu povredu. Ako postanemo svjesni bilo kakvog odgovaraju\u0107eg kr\u0161enja zakona, odmah \u0107emo ukloniti ovaj sadr\u017eaj.<\/p>\r\n\r\n\r\n\r\n<div class=\"wp-block-spacer\" style=\"height: 70px;\" aria-hidden=\"true\">\u00a0<\/div>\r\n\r\n\r\n\r\n<h5 class=\"wp-block-heading\">Odgovornost za linkove<\/h5>\r\n\r\n\r\n\r\n<p>Na\u0161a ponuda sadr\u017ei poveznice na vanjske web stranice tre\u0107ih strana na \u010diji sadr\u017eaj nemamo utjecaja. Stoga ne mo\u017eemo preuzeti nikakvu odgovornost za ovaj vanjski sadr\u017eaj. Odgovaraju\u0107i pru\u017eatelj ili operater stranica uvijek je odgovoran za sadr\u017eaj povezanih stranica.<br \/><br \/>Povezane stranice su provjerene zbog mogu\u0107ih zakonskih povreda u vrijeme povezivanja. Ilegalan sadr\u017eaj nije bio vidljiv u vrijeme povezivanja. Me\u0111utim, stalna kontrola sadr\u017eaja povezanih stranica je nerazumna bez konkretnih dokaza o kr\u0161enju zakona. Ako postanemo svjesni bilo kakvog kr\u0161enja zakona, odmah \u0107emo ukloniti takve poveznice.<\/p>\r\n\r\n\r\n\r\n<div class=\"wp-block-spacer\" style=\"height: 70px;\" aria-hidden=\"true\">\u00a0<\/div>\r\n\r\n\r\n\r\n<h5 class=\"wp-block-heading\">autorsko pravo<\/h5>\r\n\r\n\r\n\r\n<p>Sadr\u017eaj i radovi na ovim stranicama koje su izradili operateri stranice podlije\u017eu njema\u010dkom zakonu o autorskim pravima. Umno\u017eavanje, obrada, distribucija i bilo koja vrsta iskori\u0161tavanja izvan granica zakona o autorskim pravima zahtijevaju pisani pristanak doti\u010dnog autora ili kreatora. Preuzimanja i kopije ove stranice dopu\u0161tene su samo za privatnu, nekomercijalnu upotrebu. Ako sadr\u017eaj na ovim stranicama nije kreirao operater, po\u0161tuju se autorska prava tre\u0107ih strana. Posebno su sadr\u017eaji tre\u0107ih strana ozna\u010deni kao takvi. Ukoliko ipak saznate za kr\u0161enje autorskih prava, molimo da nas o tome obavijestite. Ako postanemo svjesni bilo kakvog kr\u0161enja zakona, odmah \u0107emo ukloniti takav sadr\u017eaj.<\/p>","protected":false},"excerpt":{"rendered":"<p>Verantwortlich f\u00fcr den Inhalt dieser Seite: personal for youIhr Partner f\u00fcr Personall\u00f6sungenHohnerstra\u00dfe 2570469 Stuttgart Tel. +49 711 25 35 81 &#8211; 0Fax +49 711 25 35 81 &#8211; 10info@personalforyou.comwww.personalforyou.comInhaber Demo Federico e.K. Firmensitz StuttgartHandelsregisternummer HRA 730404Amtsgericht StuttgartSteuer Nr. 93061\/32919Ust.-ID. DE297802665made by www.lichtblick.digital Haftungsausschluss Haftung f\u00fcr Inhalte Die Inhalte unserer Seite wurden mit gr\u00f6\u00dfter Sorgfalt erstellt. [&hellip;]<\/p>\n","protected":false},"author":1,"featured_media":0,"parent":0,"menu_order":0,"comment_status":"closed","ping_status":"closed","template":"templates\/template-privacy.php","meta":{"_acf_changed":false,"inline_featured_image":false,"footnotes":""},"class_list":["post-33","page","type-page","status-publish","hentry"],"acf":[],"_links":{"self":[{"href":"https:\/\/personalforyou.com\/hr\/wp-json\/wp\/v2\/pages\/33","targetHints":{"allow":["GET"]}}],"collection":[{"href":"https:\/\/personalforyou.com\/hr\/wp-json\/wp\/v2\/pages"}],"about":[{"href":"https:\/\/personalforyou.com\/hr\/wp-json\/wp\/v2\/types\/page"}],"author":[{"embeddable":true,"href":"https:\/\/personalforyou.com\/hr\/wp-json\/wp\/v2\/users\/1"}],"replies":[{"embeddable":true,"href":"https:\/\/personalforyou.com\/hr\/wp-json\/wp\/v2\/comments?post=33"}],"version-history":[{"count":0,"href":"https:\/\/personalforyou.com\/hr\/wp-json\/wp\/v2\/pages\/33\/revisions"}],"wp:attachment":[{"href":"https:\/\/personalforyou.com\/hr\/wp-json\/wp\/v2\/media?parent=33"}],"curies":[{"name":"radni list","href":"https:\/\/api.w.org\/{rel}","templated":true}]}}