{"id":33,"date":"2023-10-10T16:42:47","date_gmt":"2023-10-10T14:42:47","guid":{"rendered":"https:\/\/personalforyou.com\/?page_id=33"},"modified":"2024-01-03T12:57:49","modified_gmt":"2024-01-03T11:57:49","slug":"impressum","status":"publish","type":"page","link":"https:\/\/personalforyou.com\/el\/impressum\/","title":{"rendered":"\u0395\u03ba\u03c4\u03cd\u03c0\u03c9\u03c3\u03b7"},"content":{"rendered":"<p>\u03a5\u03c0\u03b5\u03cd\u03b8\u03c5\u03bd\u03bf\u03c2 \u03b3\u03b9\u03b1 \u03c4\u03bf \u03c0\u03b5\u03c1\u03b9\u03b5\u03c7\u03cc\u03bc\u03b5\u03bd\u03bf \u03b1\u03c5\u03c4\u03ae\u03c2 \u03c4\u03b7\u03c2 \u03c3\u03b5\u03bb\u03af\u03b4\u03b1\u03c2:<br \/><br \/><strong>personal for you<br \/><\/strong>\u039f \u03c3\u03c5\u03bd\u03b5\u03c1\u03b3\u03ac\u03c4\u03b7\u03c2 \u03c3\u03b1\u03c2 \u03b3\u03b9\u03b1 \u03bb\u03cd\u03c3\u03b5\u03b9\u03c2 \u03c0\u03c1\u03bf\u03c3\u03c9\u03c0\u03b9\u03ba\u03bf\u03cd<br \/>Hohnerstrasse 25<br \/>70469 \u03a3\u03c4\u03bf\u03c5\u03c4\u03b3\u03ac\u03c1\u03b4\u03b7<br \/><br \/>\u03a4\u03b7\u03bb. <a href=\"\/el\/\u03c4\u03b7\u03bb: 497112534810\/\">+49 711 25 35 81 \u2013 0<\/a><br \/>\u03c6\u03b1\u03be <a href=\"\/el\/\u03c4\u03b7\u03bb:4971125358110\/\">+49 711 25 35 81 \u2013 10<\/a><br \/><a href=\"mailto:info@personalforyou.com\">info@personalforyou.com<br \/><\/a><a href=\"https:\/\/personalforyou.com\/el\/\">www.personalforyou.com<br \/><\/a><br \/>\u0399\u03b4\u03b9\u03bf\u03ba\u03c4\u03ae\u03c4\u03b7\u03c2 Demo Federico e.K.<br \/><br \/>\u0388\u03b4\u03c1\u03b1 \u03a3\u03c4\u03bf\u03c5\u03c4\u03b3\u03ac\u03c1\u03b4\u03b7<br \/>\u0391\u03c1\u03b9\u03b8\u03bc\u03cc\u03c2 \u03b5\u03bc\u03c0\u03bf\u03c1\u03b9\u03ba\u03bf\u03cd \u03bc\u03b7\u03c4\u03c1\u03ce\u03bf\u03c5 HRA 730404<br \/>\u03a4\u03bf\u03c0\u03b9\u03ba\u03cc \u0394\u03b9\u03ba\u03b1\u03c3\u03c4\u03ae\u03c1\u03b9\u03bf \u03a3\u03c4\u03bf\u03c5\u03c4\u03b3\u03ac\u03c1\u03b4\u03b7\u03c2<br \/>\u0391\u03c1\u03b9\u03b8\u03bc\u03cc\u03c2 \u03c6\u03bf\u03c1\u03bf\u03bb\u03bf\u03b3\u03b9\u03ba\u03bf\u03cd \u03bc\u03b7\u03c4\u03c1\u03ce\u03bf\u03c5 93061\/32919<br \/>\u0391\u0394\u0391: \u03a6\u03a0\u0391. DE297802665<br \/>\u03c0\u03bf\u03c5 \u03ad\u03b3\u03b9\u03bd\u03b5 \u03b1\u03c0\u03cc <a href=\"http:\/\/www.lichtblick.digital\" rel=\"nofollow noopener\" target=\"_blank\">www.lichtblick.digital<\/a><\/p>\r\n\r\n\r\n\r\n<div class=\"wp-block-spacer\" style=\"height: 74px;\" aria-hidden=\"true\">\u00a0<\/div>\r\n\r\n\r\n\r\n<h4 class=\"wp-block-heading\">\u0391\u03c0\u03bf\u03c0\u03bf\u03af\u03b7\u03c3\u03b7 \u03b5\u03c5\u03b8\u03cd\u03bd\u03b7\u03c2<\/h4>\r\n\r\n\r\n\r\n<div class=\"wp-block-spacer\" style=\"height: 20px;\" aria-hidden=\"true\">\u00a0<\/div>\r\n\r\n\r\n\r\n<h5 class=\"wp-block-heading\">\u0395\u03c5\u03b8\u03cd\u03bd\u03b7 \u03b3\u03b9\u03b1 \u03c4\u03bf \u03c0\u03b5\u03c1\u03b9\u03b5\u03c7\u03cc\u03bc\u03b5\u03bd\u03bf<\/h5>\r\n\r\n\r\n\r\n<p>\u03a4\u03bf \u03c0\u03b5\u03c1\u03b9\u03b5\u03c7\u03cc\u03bc\u03b5\u03bd\u03bf \u03c4\u03b7\u03c2 \u03b9\u03c3\u03c4\u03bf\u03c3\u03b5\u03bb\u03af\u03b4\u03b1\u03c2 \u03bc\u03b1\u03c2 \u03ad\u03c7\u03b5\u03b9 \u03b4\u03b7\u03bc\u03b9\u03bf\u03c5\u03c1\u03b3\u03b7\u03b8\u03b5\u03af \u03bc\u03b5 \u03c4\u03b7 \u03bc\u03b5\u03b3\u03b1\u03bb\u03cd\u03c4\u03b5\u03c1\u03b7 \u03b4\u03c5\u03bd\u03b1\u03c4\u03ae \u03c0\u03c1\u03bf\u03c3\u03bf\u03c7\u03ae. \u03a9\u03c3\u03c4\u03cc\u03c3\u03bf, \u03b4\u03b5\u03bd \u03bc\u03c0\u03bf\u03c1\u03bf\u03cd\u03bc\u03b5 \u03bd\u03b1 \u03b1\u03bd\u03b1\u03bb\u03ac\u03b2\u03bf\u03c5\u03bc\u03b5 \u03ba\u03b1\u03bc\u03af\u03b1 \u03b5\u03c5\u03b8\u03cd\u03bd\u03b7 \u03b3\u03b9\u03b1 \u03c4\u03b7\u03bd \u03b1\u03ba\u03c1\u03af\u03b2\u03b5\u03b9\u03b1, \u03c4\u03b7\u03bd \u03c0\u03bb\u03b7\u03c1\u03cc\u03c4\u03b7\u03c4\u03b1 \u03ba\u03b1\u03b9 \u03c4\u03b7\u03bd \u03b5\u03c0\u03b9\u03ba\u03b1\u03b9\u03c1\u03cc\u03c4\u03b7\u03c4\u03b1 \u03c4\u03bf\u03c5 \u03c0\u03b5\u03c1\u03b9\u03b5\u03c7\u03bf\u03bc\u03ad\u03bd\u03bf\u03c5. \u03a9\u03c2 \u03c0\u03ac\u03c1\u03bf\u03c7\u03bf\u03c2 \u03c5\u03c0\u03b7\u03c1\u03b5\u03c3\u03b9\u03ce\u03bd, \u03b5\u03af\u03bc\u03b1\u03c3\u03c4\u03b5 \u03c5\u03c0\u03b5\u03cd\u03b8\u03c5\u03bd\u03bf\u03b9 \u03b3\u03b9\u03b1 \u03c4\u03bf \u03c0\u03b5\u03c1\u03b9\u03b5\u03c7\u03cc\u03bc\u03b5\u03bd\u03cc \u03bc\u03b1\u03c2 \u03c3\u03b5 \u03b1\u03c5\u03c4\u03ad\u03c2 \u03c4\u03b9\u03c2 \u03c3\u03b5\u03bb\u03af\u03b4\u03b5\u03c2 \u03c3\u03cd\u03bc\u03c6\u03c9\u03bd\u03b1 \u03bc\u03b5 \u03c4\u03bf \u03ac\u03c1\u03b8\u03c1\u03bf 7 \u03c0\u03b1\u03c1. 1 TMG (\u03b3\u03b5\u03c1\u03bc\u03b1\u03bd\u03b9\u03ba\u03cc\u03c2 \u03bd\u03cc\u03bc\u03bf\u03c2 \u03c0\u03b5\u03c1\u03af \u03c4\u03b7\u03bb\u03b5\u03bc\u03ad\u03c3\u03c9\u03bd) \u03ba\u03b1\u03b9 \u03c4\u03bf\u03c5\u03c2 \u03b3\u03b5\u03bd\u03b9\u03ba\u03bf\u03cd\u03c2 \u03bd\u03cc\u03bc\u03bf\u03c5\u03c2. \u03a9\u03c3\u03c4\u03cc\u03c3\u03bf, \u03c3\u03cd\u03bc\u03c6\u03c9\u03bd\u03b1 \u03bc\u03b5 \u03c4\u03b9\u03c2 \u00a7\u00a7 8 \u03ad\u03c9\u03c2 10 TMG, \u03c9\u03c2 \u03c0\u03ac\u03c1\u03bf\u03c7\u03bf\u03c2 \u03c5\u03c0\u03b7\u03c1\u03b5\u03c3\u03b9\u03ce\u03bd \u03b4\u03b5\u03bd \u03b5\u03af\u03bc\u03b1\u03c3\u03c4\u03b5 \u03c5\u03c0\u03bf\u03c7\u03c1\u03b5\u03c9\u03bc\u03ad\u03bd\u03bf\u03b9 \u03bd\u03b1 \u03c0\u03b1\u03c1\u03b1\u03ba\u03bf\u03bb\u03bf\u03c5\u03b8\u03bf\u03cd\u03bc\u03b5 \u03c4\u03b9\u03c2 \u03bc\u03b5\u03c4\u03b1\u03b4\u03b9\u03b4\u03cc\u03bc\u03b5\u03bd\u03b5\u03c2 \u03ae \u03b1\u03c0\u03bf\u03b8\u03b7\u03ba\u03b5\u03c5\u03bc\u03ad\u03bd\u03b5\u03c2 \u03c0\u03bb\u03b7\u03c1\u03bf\u03c6\u03bf\u03c1\u03af\u03b5\u03c2 \u03c4\u03c1\u03af\u03c4\u03c9\u03bd \u03ae \u03bd\u03b1 \u03b4\u03b9\u03b5\u03c1\u03b5\u03c5\u03bd\u03bf\u03cd\u03bc\u03b5 \u03c0\u03b5\u03c1\u03b9\u03c3\u03c4\u03ac\u03c3\u03b5\u03b9\u03c2 \u03c0\u03bf\u03c5 \u03c5\u03c0\u03bf\u03b4\u03b7\u03bb\u03ce\u03bd\u03bf\u03c5\u03bd \u03c0\u03b1\u03c1\u03ac\u03bd\u03bf\u03bc\u03b7 \u03b4\u03c1\u03b1\u03c3\u03c4\u03b7\u03c1\u03b9\u03cc\u03c4\u03b7\u03c4\u03b1. \u039f\u03b9 \u03c5\u03c0\u03bf\u03c7\u03c1\u03b5\u03ce\u03c3\u03b5\u03b9\u03c2 \u03b1\u03c6\u03b1\u03af\u03c1\u03b5\u03c3\u03b7\u03c2 \u03ae \u03b1\u03c0\u03bf\u03ba\u03bb\u03b5\u03b9\u03c3\u03bc\u03bf\u03cd \u03c4\u03b7\u03c2 \u03c7\u03c1\u03ae\u03c3\u03b7\u03c2 \u03c0\u03bb\u03b7\u03c1\u03bf\u03c6\u03bf\u03c1\u03b9\u03ce\u03bd \u03c3\u03cd\u03bc\u03c6\u03c9\u03bd\u03b1 \u03bc\u03b5 \u03c4\u03b7 \u03b3\u03b5\u03bd\u03b9\u03ba\u03ae \u03bd\u03bf\u03bc\u03bf\u03b8\u03b5\u03c3\u03af\u03b1 \u03b4\u03b5\u03bd \u03b5\u03c0\u03b7\u03c1\u03b5\u03ac\u03b6\u03bf\u03bd\u03c4\u03b1\u03b9 \u03b1\u03c0\u03cc \u03b1\u03c5\u03c4\u03cc. \u03a9\u03c3\u03c4\u03cc\u03c3\u03bf, \u03b7 \u03c3\u03c7\u03b5\u03c4\u03b9\u03ba\u03ae \u03b5\u03c5\u03b8\u03cd\u03bd\u03b7 \u03b5\u03af\u03bd\u03b1\u03b9 \u03b4\u03c5\u03bd\u03b1\u03c4\u03ae \u03bc\u03cc\u03bd\u03bf \u03b1\u03c0\u03cc \u03c4\u03b7 \u03c3\u03c4\u03b9\u03b3\u03bc\u03ae \u03c4\u03b7\u03c2 \u03b3\u03bd\u03ce\u03c3\u03b7\u03c2 \u03bc\u03b9\u03b1\u03c2 \u03c3\u03c5\u03b3\u03ba\u03b5\u03ba\u03c1\u03b9\u03bc\u03ad\u03bd\u03b7\u03c2 \u03c0\u03b1\u03c1\u03ac\u03b2\u03b1\u03c3\u03b7\u03c2. \u039c\u03cc\u03bb\u03b9\u03c2 \u03bb\u03ac\u03b2\u03bf\u03c5\u03bc\u03b5 \u03b3\u03bd\u03ce\u03c3\u03b7 \u03c4\u03ad\u03c4\u03bf\u03b9\u03c9\u03bd \u03c0\u03b1\u03c1\u03b1\u03b2\u03ac\u03c3\u03b5\u03c9\u03bd, \u03b8\u03b1 \u03b1\u03c6\u03b1\u03b9\u03c1\u03ad\u03c3\u03bf\u03c5\u03bc\u03b5 \u03b1\u03bc\u03ad\u03c3\u03c9\u03c2 \u03c4\u03bf \u03b5\u03bd \u03bb\u03cc\u03b3\u03c9 \u03c0\u03b5\u03c1\u03b9\u03b5\u03c7\u03cc\u03bc\u03b5\u03bd\u03bf.<\/p>\r\n\r\n\r\n\r\n<div class=\"wp-block-spacer\" style=\"height: 70px;\" aria-hidden=\"true\">\u00a0<\/div>\r\n\r\n\r\n\r\n<h5 class=\"wp-block-heading\">\u0395\u03c5\u03b8\u03cd\u03bd\u03b7 \u03b3\u03b9\u03b1 \u03c4\u03bf\u03c5\u03c2 \u03c3\u03c5\u03bd\u03b4\u03ad\u03c3\u03bc\u03bf\u03c5\u03c2<\/h5>\r\n\r\n\r\n\r\n<p>\u039f \u03b9\u03c3\u03c4\u03cc\u03c4\u03bf\u03c0\u03cc\u03c2 \u03bc\u03b1\u03c2 \u03c0\u03b5\u03c1\u03b9\u03ad\u03c7\u03b5\u03b9 \u03c3\u03c5\u03bd\u03b4\u03ad\u03c3\u03bc\u03bf\u03c5\u03c2 \u03c0\u03c1\u03bf\u03c2 \u03b5\u03be\u03c9\u03c4\u03b5\u03c1\u03b9\u03ba\u03bf\u03cd\u03c2 \u03b9\u03c3\u03c4\u03cc\u03c4\u03bf\u03c0\u03bf\u03c5\u03c2 \u03c4\u03c1\u03af\u03c4\u03c9\u03bd, \u03b5\u03c0\u03af \u03c4\u03bf\u03c5 \u03c0\u03b5\u03c1\u03b9\u03b5\u03c7\u03bf\u03bc\u03ad\u03bd\u03bf\u03c5 \u03c4\u03c9\u03bd \u03bf\u03c0\u03bf\u03af\u03c9\u03bd \u03b4\u03b5\u03bd \u03ad\u03c7\u03bf\u03c5\u03bc\u03b5 \u03ba\u03b1\u03bc\u03af\u03b1 \u03b5\u03c0\u03b9\u03c1\u03c1\u03bf\u03ae. \u03a9\u03c2 \u03b5\u03ba \u03c4\u03bf\u03cd\u03c4\u03bf\u03c5, \u03b4\u03b5\u03bd \u03bc\u03c0\u03bf\u03c1\u03bf\u03cd\u03bc\u03b5 \u03bd\u03b1 \u03b1\u03bd\u03b1\u03bb\u03ac\u03b2\u03bf\u03c5\u03bc\u03b5 \u03ba\u03b1\u03bc\u03af\u03b1 \u03b5\u03c5\u03b8\u03cd\u03bd\u03b7 \u03b3\u03b9\u03b1 \u03b1\u03c5\u03c4\u03cc \u03c4\u03bf \u03c0\u03b5\u03c1\u03b9\u03b5\u03c7\u03cc\u03bc\u03b5\u03bd\u03bf \u03c4\u03c1\u03af\u03c4\u03c9\u03bd. \u039f \u03b5\u03ba\u03ac\u03c3\u03c4\u03bf\u03c4\u03b5 \u03c0\u03ac\u03c1\u03bf\u03c7\u03bf\u03c2 \u03ae \u03b4\u03b9\u03b1\u03c7\u03b5\u03b9\u03c1\u03b9\u03c3\u03c4\u03ae\u03c2 \u03c4\u03c9\u03bd \u03c3\u03b5\u03bb\u03af\u03b4\u03c9\u03bd \u03b5\u03af\u03bd\u03b1\u03b9 \u03c0\u03ac\u03bd\u03c4\u03b1 \u03c5\u03c0\u03b5\u03cd\u03b8\u03c5\u03bd\u03bf\u03c2 \u03b3\u03b9\u03b1 \u03c4\u03bf \u03c0\u03b5\u03c1\u03b9\u03b5\u03c7\u03cc\u03bc\u03b5\u03bd\u03bf \u03c4\u03c9\u03bd \u03c3\u03c5\u03bd\u03b4\u03b5\u03b4\u03b5\u03bc\u03ad\u03bd\u03c9\u03bd \u03c3\u03b5\u03bb\u03af\u03b4\u03c9\u03bd.<br \/><br \/>\u039f\u03b9 \u03c3\u03c5\u03bd\u03b4\u03b5\u03b4\u03b5\u03bc\u03ad\u03bd\u03b5\u03c2 \u03c3\u03b5\u03bb\u03af\u03b4\u03b5\u03c2 \u03b5\u03bb\u03ad\u03b3\u03c7\u03b8\u03b7\u03ba\u03b1\u03bd \u03b3\u03b9\u03b1 \u03c0\u03b9\u03b8\u03b1\u03bd\u03ad\u03c2 \u03bd\u03bf\u03bc\u03b9\u03ba\u03ad\u03c2 \u03c0\u03b1\u03c1\u03b1\u03b2\u03ac\u03c3\u03b5\u03b9\u03c2 \u03ba\u03b1\u03c4\u03ac \u03c4\u03b7 \u03c3\u03c4\u03b9\u03b3\u03bc\u03ae \u03c4\u03b7\u03c2 \u03c3\u03cd\u03bd\u03b4\u03b5\u03c3\u03b7\u03c2. \u03a0\u03b1\u03c1\u03ac\u03bd\u03bf\u03bc\u03bf \u03c0\u03b5\u03c1\u03b9\u03b5\u03c7\u03cc\u03bc\u03b5\u03bd\u03bf \u03b4\u03b5\u03bd \u03ae\u03c4\u03b1\u03bd \u03b1\u03bd\u03b1\u03b3\u03bd\u03c9\u03c1\u03af\u03c3\u03b9\u03bc\u03bf \u03ba\u03b1\u03c4\u03ac \u03c4\u03b7 \u03c3\u03c4\u03b9\u03b3\u03bc\u03ae \u03c4\u03b7\u03c2 \u03c3\u03cd\u03bd\u03b4\u03b5\u03c3\u03b7\u03c2. \u03a9\u03c3\u03c4\u03cc\u03c3\u03bf, \u03b7 \u03b4\u03b9\u03b1\u03c1\u03ba\u03ae\u03c2 \u03c0\u03b1\u03c1\u03b1\u03ba\u03bf\u03bb\u03bf\u03cd\u03b8\u03b7\u03c3\u03b7 \u03c4\u03bf\u03c5 \u03c0\u03b5\u03c1\u03b9\u03b5\u03c7\u03bf\u03bc\u03ad\u03bd\u03bf\u03c5 \u03c4\u03c9\u03bd \u03c3\u03c5\u03bd\u03b4\u03b5\u03b4\u03b5\u03bc\u03ad\u03bd\u03c9\u03bd \u03c3\u03b5\u03bb\u03af\u03b4\u03c9\u03bd \u03b4\u03b5\u03bd \u03b5\u03af\u03bd\u03b1\u03b9 \u03b5\u03cd\u03bb\u03bf\u03b3\u03b7 \u03c7\u03c9\u03c1\u03af\u03c2 \u03c3\u03c5\u03b3\u03ba\u03b5\u03ba\u03c1\u03b9\u03bc\u03ad\u03bd\u03b5\u03c2 \u03b1\u03c0\u03bf\u03b4\u03b5\u03af\u03be\u03b5\u03b9\u03c2 \u03c0\u03b1\u03c1\u03ac\u03b2\u03b1\u03c3\u03b7\u03c2. \u0395\u03ac\u03bd \u03b1\u03bd\u03c4\u03b9\u03bb\u03b7\u03c6\u03b8\u03bf\u03cd\u03bc\u03b5 \u03c4\u03c5\u03c7\u03cc\u03bd \u03bd\u03bf\u03bc\u03b9\u03ba\u03ad\u03c2 \u03c0\u03b1\u03c1\u03b1\u03b2\u03ac\u03c3\u03b5\u03b9\u03c2, \u03b8\u03b1 \u03b1\u03c6\u03b1\u03b9\u03c1\u03ad\u03c3\u03bf\u03c5\u03bc\u03b5 \u03b1\u03bc\u03ad\u03c3\u03c9\u03c2 \u03c4\u03bf\u03c5\u03c2 \u03b5\u03bd \u03bb\u03cc\u03b3\u03c9 \u03c3\u03c5\u03bd\u03b4\u03ad\u03c3\u03bc\u03bf\u03c5\u03c2.<\/p>\r\n\r\n\r\n\r\n<div class=\"wp-block-spacer\" style=\"height: 70px;\" aria-hidden=\"true\">\u00a0<\/div>\r\n\r\n\r\n\r\n<h5 class=\"wp-block-heading\">\u03a0\u03bd\u03b5\u03c5\u03bc\u03b1\u03c4\u03b9\u03ba\u03ac \u03b4\u03b9\u03ba\u03b1\u03b9\u03ce\u03bc\u03b1\u03c4\u03b1<\/h5>\r\n\r\n\r\n\r\n<p>\u03a4\u03bf \u03c0\u03b5\u03c1\u03b9\u03b5\u03c7\u03cc\u03bc\u03b5\u03bd\u03bf \u03ba\u03b1\u03b9 \u03c4\u03b1 \u03ad\u03c1\u03b3\u03b1 \u03c0\u03bf\u03c5 \u03b4\u03b7\u03bc\u03b9\u03bf\u03c5\u03c1\u03b3\u03ae\u03b8\u03b7\u03ba\u03b1\u03bd \u03b1\u03c0\u03cc \u03c4\u03bf\u03c5\u03c2 \u03b4\u03b9\u03b1\u03c7\u03b5\u03b9\u03c1\u03b9\u03c3\u03c4\u03ad\u03c2 \u03c4\u03bf\u03c5 \u03b9\u03c3\u03c4\u03cc\u03c4\u03bf\u03c0\u03bf\u03c5 \u03c3\u03b5 \u03b1\u03c5\u03c4\u03ad\u03c2 \u03c4\u03b9\u03c2 \u03c3\u03b5\u03bb\u03af\u03b4\u03b5\u03c2 \u03c5\u03c0\u03cc\u03ba\u03b5\u03b9\u03bd\u03c4\u03b1\u03b9 \u03c3\u03c4\u03b7 \u03b3\u03b5\u03c1\u03bc\u03b1\u03bd\u03b9\u03ba\u03ae \u03bd\u03bf\u03bc\u03bf\u03b8\u03b5\u03c3\u03af\u03b1 \u03c0\u03b5\u03c1\u03af \u03c0\u03bd\u03b5\u03c5\u03bc\u03b1\u03c4\u03b9\u03ba\u03ae\u03c2 \u03b9\u03b4\u03b9\u03bf\u03ba\u03c4\u03b7\u03c3\u03af\u03b1\u03c2. \u0393\u03b9\u03b1 \u03c4\u03b7\u03bd \u03b1\u03bd\u03b1\u03c0\u03b1\u03c1\u03b1\u03b3\u03c9\u03b3\u03ae, \u03b5\u03c0\u03b5\u03be\u03b5\u03c1\u03b3\u03b1\u03c3\u03af\u03b1, \u03b4\u03b9\u03b1\u03bd\u03bf\u03bc\u03ae \u03ba\u03b1\u03b9 \u03ba\u03ac\u03b8\u03b5 \u03b5\u03af\u03b4\u03bf\u03c5\u03c2 \u03c7\u03c1\u03ae\u03c3\u03b7 \u03b5\u03ba\u03c4\u03cc\u03c2 \u03c4\u03c9\u03bd \u03bf\u03c1\u03af\u03c9\u03bd \u03c4\u03bf\u03c5 \u03bd\u03cc\u03bc\u03bf\u03c5 \u03c0\u03b5\u03c1\u03af \u03c0\u03bd\u03b5\u03c5\u03bc\u03b1\u03c4\u03b9\u03ba\u03ae\u03c2 \u03b9\u03b4\u03b9\u03bf\u03ba\u03c4\u03b7\u03c3\u03af\u03b1\u03c2 \u03b1\u03c0\u03b1\u03b9\u03c4\u03b5\u03af\u03c4\u03b1\u03b9 \u03b7 \u03b3\u03c1\u03b1\u03c0\u03c4\u03ae \u03c3\u03c5\u03b3\u03ba\u03b1\u03c4\u03ac\u03b8\u03b5\u03c3\u03b7 \u03c4\u03bf\u03c5 \u03b5\u03ba\u03ac\u03c3\u03c4\u03bf\u03c4\u03b5 \u03c3\u03c5\u03b3\u03b3\u03c1\u03b1\u03c6\u03ad\u03b1 \u03ae \u03b4\u03b7\u03bc\u03b9\u03bf\u03c5\u03c1\u03b3\u03bf\u03cd. \u039f\u03b9 \u03bb\u03ae\u03c8\u03b5\u03b9\u03c2 \u03ba\u03b1\u03b9 \u03c4\u03b1 \u03b1\u03bd\u03c4\u03af\u03b3\u03c1\u03b1\u03c6\u03b1 \u03b1\u03c5\u03c4\u03ae\u03c2 \u03c4\u03b7\u03c2 \u03b9\u03c3\u03c4\u03bf\u03c3\u03b5\u03bb\u03af\u03b4\u03b1\u03c2 \u03b5\u03c0\u03b9\u03c4\u03c1\u03ad\u03c0\u03bf\u03bd\u03c4\u03b1\u03b9 \u03bc\u03cc\u03bd\u03bf \u03b3\u03b9\u03b1 \u03b9\u03b4\u03b9\u03c9\u03c4\u03b9\u03ba\u03ae, \u03bc\u03b7 \u03b5\u03bc\u03c0\u03bf\u03c1\u03b9\u03ba\u03ae \u03c7\u03c1\u03ae\u03c3\u03b7. \u0395\u03c6\u03cc\u03c3\u03bf\u03bd \u03c4\u03bf \u03c0\u03b5\u03c1\u03b9\u03b5\u03c7\u03cc\u03bc\u03b5\u03bd\u03bf \u03c4\u03bf\u03c5 \u03c0\u03b1\u03c1\u03cc\u03bd\u03c4\u03bf\u03c2 \u03b9\u03c3\u03c4\u03cc\u03c4\u03bf\u03c0\u03bf\u03c5 \u03b4\u03b5\u03bd \u03b4\u03b7\u03bc\u03b9\u03bf\u03c5\u03c1\u03b3\u03ae\u03b8\u03b7\u03ba\u03b5 \u03b1\u03c0\u03cc \u03c4\u03bf\u03bd \u03c6\u03bf\u03c1\u03ad\u03b1 \u03b5\u03ba\u03bc\u03b5\u03c4\u03ac\u03bb\u03bb\u03b5\u03c5\u03c3\u03b7\u03c2, \u03c4\u03b1 \u03c0\u03bd\u03b5\u03c5\u03bc\u03b1\u03c4\u03b9\u03ba\u03ac \u03b4\u03b9\u03ba\u03b1\u03b9\u03ce\u03bc\u03b1\u03c4\u03b1 \u03c4\u03c1\u03af\u03c4\u03c9\u03bd \u03b3\u03af\u03bd\u03bf\u03bd\u03c4\u03b1\u03b9 \u03c3\u03b5\u03b2\u03b1\u03c3\u03c4\u03ac. \u0395\u03b9\u03b4\u03b9\u03ba\u03cc\u03c4\u03b5\u03c1\u03b1, \u03c4\u03bf \u03c0\u03b5\u03c1\u03b9\u03b5\u03c7\u03cc\u03bc\u03b5\u03bd\u03bf \u03c4\u03c1\u03af\u03c4\u03c9\u03bd \u03b5\u03c0\u03b9\u03c3\u03b7\u03bc\u03b1\u03af\u03bd\u03b5\u03c4\u03b1\u03b9 \u03c9\u03c2 \u03c4\u03ad\u03c4\u03bf\u03b9\u03bf. \u0395\u03ac\u03bd \u03c0\u03b1\u03c1\u03cc\u03bb\u03b1 \u03b1\u03c5\u03c4\u03ac \u03b1\u03bd\u03c4\u03b9\u03bb\u03b7\u03c6\u03b8\u03b5\u03af\u03c4\u03b5 \u03c0\u03b1\u03c1\u03b1\u03b2\u03af\u03b1\u03c3\u03b7 \u03c0\u03bd\u03b5\u03c5\u03bc\u03b1\u03c4\u03b9\u03ba\u03ce\u03bd \u03b4\u03b9\u03ba\u03b1\u03b9\u03c9\u03bc\u03ac\u03c4\u03c9\u03bd, \u03c0\u03b1\u03c1\u03b1\u03ba\u03b1\u03bb\u03bf\u03cd\u03bc\u03b5 \u03bd\u03b1 \u03bc\u03b1\u03c2 \u03b5\u03bd\u03b7\u03bc\u03b5\u03c1\u03ce\u03c3\u03b5\u03c4\u03b5 \u03c3\u03c7\u03b5\u03c4\u03b9\u03ba\u03ac. \u0395\u03ac\u03bd \u03b1\u03bd\u03c4\u03b9\u03bb\u03b7\u03c6\u03b8\u03bf\u03cd\u03bc\u03b5 \u03bf\u03c0\u03bf\u03b9\u03b1\u03b4\u03ae\u03c0\u03bf\u03c4\u03b5 \u03c0\u03b1\u03c1\u03b1\u03b2\u03af\u03b1\u03c3\u03b7, \u03b8\u03b1 \u03b1\u03c6\u03b1\u03b9\u03c1\u03ad\u03c3\u03bf\u03c5\u03bc\u03b5 \u03b1\u03bc\u03ad\u03c3\u03c9\u03c2 \u03c4\u03bf \u03b5\u03bd \u03bb\u03cc\u03b3\u03c9 \u03c0\u03b5\u03c1\u03b9\u03b5\u03c7\u03cc\u03bc\u03b5\u03bd\u03bf.<\/p>","protected":false},"excerpt":{"rendered":"<p>Verantwortlich f\u00fcr den Inhalt dieser Seite: personal for youIhr Partner f\u00fcr Personall\u00f6sungenHohnerstra\u00dfe 2570469 Stuttgart Tel. +49 711 25 35 81 &#8211; 0Fax +49 711 25 35 81 &#8211; 10info@personalforyou.comwww.personalforyou.comInhaber Demo Federico e.K. Firmensitz StuttgartHandelsregisternummer HRA 730404Amtsgericht StuttgartSteuer Nr. 93061\/32919Ust.-ID. DE297802665made by www.lichtblick.digital Haftungsausschluss Haftung f\u00fcr Inhalte Die Inhalte unserer Seite wurden mit gr\u00f6\u00dfter Sorgfalt erstellt. [&hellip;]<\/p>\n","protected":false},"author":1,"featured_media":0,"parent":0,"menu_order":0,"comment_status":"closed","ping_status":"closed","template":"templates\/template-privacy.php","meta":{"_acf_changed":false,"inline_featured_image":false,"footnotes":""},"class_list":["post-33","page","type-page","status-publish","hentry"],"acf":[],"_links":{"self":[{"href":"https:\/\/personalforyou.com\/el\/wp-json\/wp\/v2\/pages\/33","targetHints":{"allow":["GET"]}}],"collection":[{"href":"https:\/\/personalforyou.com\/el\/wp-json\/wp\/v2\/pages"}],"about":[{"href":"https:\/\/personalforyou.com\/el\/wp-json\/wp\/v2\/types\/page"}],"author":[{"embeddable":true,"href":"https:\/\/personalforyou.com\/el\/wp-json\/wp\/v2\/users\/1"}],"replies":[{"embeddable":true,"href":"https:\/\/personalforyou.com\/el\/wp-json\/wp\/v2\/comments?post=33"}],"version-history":[{"count":0,"href":"https:\/\/personalforyou.com\/el\/wp-json\/wp\/v2\/pages\/33\/revisions"}],"wp:attachment":[{"href":"https:\/\/personalforyou.com\/el\/wp-json\/wp\/v2\/media?parent=33"}],"curies":[{"name":"\u03b5\u03c1\u03b3\u03b1\u03c3\u03af\u03b1","href":"https:\/\/api.w.org\/{rel}","templated":true}]}}