{"id":33,"date":"2023-10-10T16:42:47","date_gmt":"2023-10-10T14:42:47","guid":{"rendered":"https:\/\/personalforyou.com\/?page_id=33"},"modified":"2024-01-03T12:57:49","modified_gmt":"2024-01-03T11:57:49","slug":"impressum","status":"publish","type":"page","link":"https:\/\/personalforyou.com\/bg\/impressum\/","title":{"rendered":"\u041e\u0442\u043f\u0435\u0447\u0430\u0442\u044a\u043a"},"content":{"rendered":"<p>\u041e\u0442\u0433\u043e\u0432\u043e\u0440\u043d\u0438 \u0437\u0430 \u0441\u044a\u0434\u044a\u0440\u0436\u0430\u043d\u0438\u0435\u0442\u043e \u043d\u0430 \u0442\u0430\u0437\u0438 \u0441\u0442\u0440\u0430\u043d\u0438\u0446\u0430:<br \/><br \/><strong>\u043b\u0438\u0447\u043d\u043e \u0437\u0430 \u0432\u0430\u0441<br \/><\/strong>\u0412\u0430\u0448\u0438\u044f\u0442 \u043f\u0430\u0440\u0442\u043d\u044c\u043e\u0440 \u0437\u0430 \u0440\u0435\u0448\u0435\u043d\u0438\u044f \u0437\u0430 \u043f\u0435\u0440\u0441\u043e\u043d\u0430\u043b\u0430<br \/>Hohnerstrasse 25<br \/>70469 \u0429\u0443\u0442\u0433\u0430\u0440\u0442<br \/><br \/>\u0422\u0435\u043b. <a href=\"\/bg\/\u0442\u0435\u043b:497112534810\/\">+49 711 25 35 81 \u2013 0<\/a><br \/>\u0444\u0430\u043a\u0441 <a href=\"\/bg\/\u0442\u0435\u043b:4971125358110\/\">+49 711 25 35 81 \u2013 10<\/a><br \/><a href=\"mailto:info@personalforyou.com\">info@personalforyou.com<br \/><\/a><a href=\"https:\/\/personalforyou.com\/bg\/\">www.personalforyou.com<br \/><\/a><br \/>\u0421\u043e\u0431\u0441\u0442\u0432\u0435\u043d\u0438\u043a Demo Federico e.K.<br \/><br \/>\u0421\u0435\u0434\u0430\u043b\u0438\u0449\u0435 \u0429\u0443\u0442\u0433\u0430\u0440\u0442<br \/>\u041d\u043e\u043c\u0435\u0440 \u0432 \u0442\u044a\u0440\u0433\u043e\u0432\u0441\u043a\u0438\u044f \u0440\u0435\u0433\u0438\u0441\u0442\u044a\u0440 HRA 730404<br \/>\u041c\u0435\u0441\u0442\u0435\u043d \u0441\u044a\u0434 \u0432 \u0429\u0443\u0442\u0433\u0430\u0440\u0442<br \/>\u0414\u0430\u043d\u044a\u0447\u0435\u043d \u043d\u043e\u043c\u0435\u0440 93061\/32919<br \/>\u0418\u0414\u0415\u041d\u0422\u0418\u0424\u0418\u041a\u0410\u0426\u0418\u041e\u041d\u0415\u041d \u041d\u041e\u041c\u0415\u0420 \u041f\u041e \u0414\u0414\u0421. DE297802665<br \/>\u043d\u0430\u043f\u0440\u0430\u0432\u0435\u043d\u0438 \u043e\u0442 <a href=\"http:\/\/www.lichtblick.digital\" rel=\"nofollow noopener\" target=\"_blank\">www.lichtblick.digital<\/a><\/p>\r\n\r\n\r\n\r\n<div class=\"wp-block-spacer\" style=\"height: 74px;\" aria-hidden=\"true\">\u00a0<\/div>\r\n\r\n\r\n\r\n<h4 class=\"wp-block-heading\">\u041e\u0442\u043a\u0430\u0437 \u043e\u0442 \u043e\u0442\u0433\u043e\u0432\u043e\u0440\u043d\u043e\u0441\u0442<\/h4>\r\n\r\n\r\n\r\n<div class=\"wp-block-spacer\" style=\"height: 20px;\" aria-hidden=\"true\">\u00a0<\/div>\r\n\r\n\r\n\r\n<h5 class=\"wp-block-heading\">\u041e\u0442\u0433\u043e\u0432\u043e\u0440\u043d\u043e\u0441\u0442 \u0437\u0430 \u0441\u044a\u0434\u044a\u0440\u0436\u0430\u043d\u0438\u0435\u0442\u043e<\/h5>\r\n\r\n\r\n\r\n<p>\u0421\u044a\u0434\u044a\u0440\u0436\u0430\u043d\u0438\u0435\u0442\u043e \u043d\u0430 \u043d\u0430\u0448\u0438\u044f \u0443\u0435\u0431\u0441\u0430\u0439\u0442 \u0435 \u0441\u044a\u0437\u0434\u0430\u0434\u0435\u043d\u043e \u0441 \u043d\u0430\u0439-\u0433\u043e\u043b\u044f\u043c\u043e \u0432\u043d\u0438\u043c\u0430\u043d\u0438\u0435. \u0412\u044a\u043f\u0440\u0435\u043a\u0438 \u0442\u043e\u0432\u0430 \u043d\u0435 \u043c\u043e\u0436\u0435\u043c \u0434\u0430 \u043f\u043e\u0435\u043c\u0435\u043c \u043d\u0438\u043a\u0430\u043a\u0432\u0430 \u043e\u0442\u0433\u043e\u0432\u043e\u0440\u043d\u043e\u0441\u0442 \u0437\u0430 \u0442\u043e\u0447\u043d\u043e\u0441\u0442\u0442\u0430, \u043f\u044a\u043b\u043d\u043e\u0442\u0430\u0442\u0430 \u0438 \u0430\u043a\u0442\u0443\u0430\u043b\u043d\u043e\u0441\u0442\u0442\u0430 \u043d\u0430 \u0441\u044a\u0434\u044a\u0440\u0436\u0430\u043d\u0438\u0435\u0442\u043e. \u0412 \u043a\u0430\u0447\u0435\u0441\u0442\u0432\u043e\u0442\u043e \u0441\u0438 \u043d\u0430 \u0434\u043e\u0441\u0442\u0430\u0432\u0447\u0438\u043a \u043d\u0430 \u0443\u0441\u043b\u0443\u0433\u0438 \u043d\u0438\u0435 \u043d\u043e\u0441\u0438\u043c \u043e\u0442\u0433\u043e\u0432\u043e\u0440\u043d\u043e\u0441\u0442 \u0437\u0430 \u0441\u043e\u0431\u0441\u0442\u0432\u0435\u043d\u043e\u0442\u043e \u0441\u0438 \u0441\u044a\u0434\u044a\u0440\u0436\u0430\u043d\u0438\u0435 \u043d\u0430 \u0442\u0435\u0437\u0438 \u0441\u0442\u0440\u0430\u043d\u0438\u0446\u0438 \u0432 \u0441\u044a\u043e\u0442\u0432\u0435\u0442\u0441\u0442\u0432\u0438\u0435 \u0441 \u00a7 7, \u0430\u043b. 1 \u043e\u0442 TMG (\u0433\u0435\u0440\u043c\u0430\u043d\u0441\u043a\u0438 \u0437\u0430\u043a\u043e\u043d \u0437\u0430 \u0442\u0435\u043b\u0435\u043c\u0435\u0434\u0438\u0438\u0442\u0435) \u0438 \u043e\u0431\u0449\u0438\u0442\u0435 \u0437\u0430\u043a\u043e\u043d\u0438. \u0421\u044a\u0433\u043b\u0430\u0441\u043d\u043e \u00a7\u00a7 8 \u0434\u043e 10 \u043d\u0430 TMG \u043e\u0431\u0430\u0447\u0435 \u043d\u0438\u0435 \u043a\u0430\u0442\u043e \u0434\u043e\u0441\u0442\u0430\u0432\u0447\u0438\u043a \u043d\u0430 \u0443\u0441\u043b\u0443\u0433\u0438 \u043d\u0435 \u0441\u043c\u0435 \u0437\u0430\u0434\u044a\u043b\u0436\u0435\u043d\u0438 \u0434\u0430 \u0441\u043b\u0435\u0434\u0438\u043c \u043f\u0440\u0435\u0434\u0430\u0432\u0430\u043d\u0430\u0442\u0430 \u0438\u043b\u0438 \u0441\u044a\u0445\u0440\u0430\u043d\u044f\u0432\u0430\u043d\u0430\u0442\u0430 \u0438\u043d\u0444\u043e\u0440\u043c\u0430\u0446\u0438\u044f \u043e\u0442 \u0442\u0440\u0435\u0442\u0438 \u0441\u0442\u0440\u0430\u043d\u0438 \u0438\u043b\u0438 \u0434\u0430 \u0440\u0430\u0437\u0441\u043b\u0435\u0434\u0432\u0430\u043c\u0435 \u043e\u0431\u0441\u0442\u043e\u044f\u0442\u0435\u043b\u0441\u0442\u0432\u0430, \u043a\u043e\u0438\u0442\u043e \u0441\u043e\u0447\u0430\u0442 \u0437\u0430 \u043d\u0435\u0437\u0430\u043a\u043e\u043d\u043d\u0430 \u0434\u0435\u0439\u043d\u043e\u0441\u0442. \u0417\u0430\u0434\u044a\u043b\u0436\u0435\u043d\u0438\u044f\u0442\u0430 \u0437\u0430 \u043f\u0440\u0435\u043c\u0430\u0445\u0432\u0430\u043d\u0435 \u0438\u043b\u0438 \u0431\u043b\u043e\u043a\u0438\u0440\u0430\u043d\u0435 \u043d\u0430 \u0438\u0437\u043f\u043e\u043b\u0437\u0432\u0430\u043d\u0435\u0442\u043e \u043d\u0430 \u0438\u043d\u0444\u043e\u0440\u043c\u0430\u0446\u0438\u044f \u0432 \u0441\u044a\u043e\u0442\u0432\u0435\u0442\u0441\u0442\u0432\u0438\u0435 \u0441 \u043e\u0431\u0449\u043e\u0442\u043e \u0437\u0430\u043a\u043e\u043d\u043e\u0434\u0430\u0442\u0435\u043b\u0441\u0442\u0432\u043e \u043e\u0441\u0442\u0430\u0432\u0430\u0442 \u043d\u0435\u0437\u0430\u0441\u0435\u0433\u043d\u0430\u0442\u0438 \u043e\u0442 \u0442\u043e\u0432\u0430. \u041e\u0442\u0433\u043e\u0432\u043e\u0440\u043d\u043e\u0441\u0442\u0442\u0430 \u0432 \u0442\u043e\u0432\u0430 \u043e\u0442\u043d\u043e\u0448\u0435\u043d\u0438\u0435 \u043e\u0431\u0430\u0447\u0435 \u0435 \u0432\u044a\u0437\u043c\u043e\u0436\u043d\u0430 \u0441\u0430\u043c\u043e \u043e\u0442 \u043c\u043e\u043c\u0435\u043d\u0442\u0430 \u043d\u0430 \u0443\u0437\u043d\u0430\u0432\u0430\u043d\u0435 \u043d\u0430 \u043a\u043e\u043d\u043a\u0440\u0435\u0442\u043d\u043e\u0442\u043e \u043d\u0430\u0440\u0443\u0448\u0435\u043d\u0438\u0435. \u0412\u0435\u0434\u043d\u0430\u0433\u0430 \u0449\u043e\u043c \u0440\u0430\u0437\u0431\u0435\u0440\u0435\u043c \u0437\u0430 \u0442\u0430\u043a\u0438\u0432\u0430 \u043d\u0430\u0440\u0443\u0448\u0435\u043d\u0438\u044f, \u0449\u0435 \u043f\u0440\u0435\u043c\u0430\u0445\u043d\u0435\u043c \u0442\u043e\u0432\u0430 \u0441\u044a\u0434\u044a\u0440\u0436\u0430\u043d\u0438\u0435 \u043d\u0435\u0437\u0430\u0431\u0430\u0432\u043d\u043e.<\/p>\r\n\r\n\r\n\r\n<div class=\"wp-block-spacer\" style=\"height: 70px;\" aria-hidden=\"true\">\u00a0<\/div>\r\n\r\n\r\n\r\n<h5 class=\"wp-block-heading\">\u041e\u0442\u0433\u043e\u0432\u043e\u0440\u043d\u043e\u0441\u0442 \u0437\u0430 \u0432\u0440\u044a\u0437\u043a\u0438<\/h5>\r\n\r\n\r\n\r\n<p>\u041d\u0430\u0448\u0438\u044f\u0442 \u0443\u0435\u0431\u0441\u0430\u0439\u0442 \u0441\u044a\u0434\u044a\u0440\u0436\u0430 \u0432\u0440\u044a\u0437\u043a\u0438 \u043a\u044a\u043c \u0432\u044a\u043d\u0448\u043d\u0438 \u0443\u0435\u0431\u0441\u0430\u0439\u0442\u043e\u0432\u0435 \u043d\u0430 \u0442\u0440\u0435\u0442\u0438 \u0441\u0442\u0440\u0430\u043d\u0438, \u0432\u044a\u0440\u0445\u0443 \u0447\u0438\u0435\u0442\u043e \u0441\u044a\u0434\u044a\u0440\u0436\u0430\u043d\u0438\u0435 \u043d\u044f\u043c\u0430\u043c\u0435 \u0432\u043b\u0438\u044f\u043d\u0438\u0435. \u041f\u043e\u0440\u0430\u0434\u0438 \u0442\u043e\u0432\u0430 \u043d\u0435 \u043c\u043e\u0436\u0435\u043c \u0434\u0430 \u043f\u043e\u0435\u043c\u0435\u043c \u043d\u0438\u043a\u0430\u043a\u0432\u0430 \u043e\u0442\u0433\u043e\u0432\u043e\u0440\u043d\u043e\u0441\u0442 \u0437\u0430 \u0442\u043e\u0432\u0430 \u0441\u044a\u0434\u044a\u0440\u0436\u0430\u043d\u0438\u0435 \u043d\u0430 \u0442\u0440\u0435\u0442\u0438 \u0441\u0442\u0440\u0430\u043d\u0438. \u0421\u044a\u043e\u0442\u0432\u0435\u0442\u043d\u0438\u044f\u0442 \u0434\u043e\u0441\u0442\u0430\u0432\u0447\u0438\u043a \u0438\u043b\u0438 \u043e\u043f\u0435\u0440\u0430\u0442\u043e\u0440 \u043d\u0430 \u0441\u0442\u0440\u0430\u043d\u0438\u0446\u0438\u0442\u0435 \u0432\u0438\u043d\u0430\u0433\u0438 \u043d\u043e\u0441\u0438 \u043e\u0442\u0433\u043e\u0432\u043e\u0440\u043d\u043e\u0441\u0442 \u0437\u0430 \u0441\u044a\u0434\u044a\u0440\u0436\u0430\u043d\u0438\u0435\u0442\u043e \u043d\u0430 \u0441\u0432\u044a\u0440\u0437\u0430\u043d\u0438\u0442\u0435 \u0441\u0442\u0440\u0430\u043d\u0438\u0446\u0438.<br \/><br \/>\u0421\u0432\u044a\u0440\u0437\u0430\u043d\u0438\u0442\u0435 \u0441\u0442\u0440\u0430\u043d\u0438\u0446\u0438 \u0441\u0435 \u043f\u0440\u043e\u0432\u0435\u0440\u044f\u0432\u0430\u0442 \u0437\u0430 \u0432\u044a\u0437\u043c\u043e\u0436\u043d\u0438 \u0437\u0430\u043a\u043e\u043d\u043e\u0432\u0438 \u043d\u0430\u0440\u0443\u0448\u0435\u043d\u0438\u044f \u043f\u043e \u0432\u0440\u0435\u043c\u0435 \u043d\u0430 \u0441\u0432\u044a\u0440\u0437\u0432\u0430\u043d\u0435\u0442\u043e. \u041d\u0435\u0437\u0430\u043a\u043e\u043d\u043d\u043e\u0442\u043e \u0441\u044a\u0434\u044a\u0440\u0436\u0430\u043d\u0438\u0435 \u043d\u0435 \u0431\u0435\u0448\u0435 \u0440\u0430\u0437\u043f\u043e\u0437\u043d\u0430\u0442\u043e \u043f\u043e \u0432\u0440\u0435\u043c\u0435 \u043d\u0430 \u0441\u0432\u044a\u0440\u0437\u0432\u0430\u043d\u0435\u0442\u043e. \u0412\u044a\u043f\u0440\u0435\u043a\u0438 \u0442\u043e\u0432\u0430 \u043f\u043e\u0441\u0442\u043e\u044f\u043d\u043d\u043e\u0442\u043e \u043d\u0430\u0431\u043b\u044e\u0434\u0435\u043d\u0438\u0435 \u043d\u0430 \u0441\u044a\u0434\u044a\u0440\u0436\u0430\u043d\u0438\u0435\u0442\u043e \u043d\u0430 \u0441\u0432\u044a\u0440\u0437\u0430\u043d\u0438\u0442\u0435 \u0441\u0442\u0440\u0430\u043d\u0438\u0446\u0438 \u043d\u0435 \u0435 \u0446\u0435\u043b\u0435\u0441\u044a\u043e\u0431\u0440\u0430\u0437\u043d\u043e \u0431\u0435\u0437 \u043a\u043e\u043d\u043a\u0440\u0435\u0442\u043d\u0438 \u0434\u043e\u043a\u0430\u0437\u0430\u0442\u0435\u043b\u0441\u0442\u0432\u0430 \u0437\u0430 \u043d\u0430\u0440\u0443\u0448\u0435\u043d\u0438\u0435. \u0410\u043a\u043e \u0443\u0437\u043d\u0430\u0435\u043c \u0437\u0430 \u043d\u044f\u043a\u0430\u043a\u0432\u0438 \u043f\u0440\u0430\u0432\u043d\u0438 \u043d\u0430\u0440\u0443\u0448\u0435\u043d\u0438\u044f, \u0449\u0435 \u043f\u0440\u0435\u043c\u0430\u0445\u043d\u0435\u043c \u0442\u0435\u0437\u0438 \u0432\u0440\u044a\u0437\u043a\u0438 \u043d\u0435\u0437\u0430\u0431\u0430\u0432\u043d\u043e.<\/p>\r\n\r\n\r\n\r\n<div class=\"wp-block-spacer\" style=\"height: 70px;\" aria-hidden=\"true\">\u00a0<\/div>\r\n\r\n\r\n\r\n<h5 class=\"wp-block-heading\">\u0410\u0432\u0442\u043e\u0440\u0441\u043a\u043e \u043f\u0440\u0430\u0432\u043e<\/h5>\r\n\r\n\r\n\r\n<p>\u0421\u044a\u0434\u044a\u0440\u0436\u0430\u043d\u0438\u0435\u0442\u043e \u0438 \u043f\u0440\u043e\u0438\u0437\u0432\u0435\u0434\u0435\u043d\u0438\u044f\u0442\u0430, \u0441\u044a\u0437\u0434\u0430\u0434\u0435\u043d\u0438 \u043e\u0442 \u043e\u043f\u0435\u0440\u0430\u0442\u043e\u0440\u0438\u0442\u0435 \u043d\u0430 \u0441\u0430\u0439\u0442\u0430 \u043d\u0430 \u0442\u0435\u0437\u0438 \u0441\u0442\u0440\u0430\u043d\u0438\u0446\u0438, \u0441\u0430 \u043e\u0431\u0435\u043a\u0442 \u043d\u0430 \u0433\u0435\u0440\u043c\u0430\u043d\u0441\u043a\u043e\u0442\u043e \u0437\u0430\u043a\u043e\u043d\u043e\u0434\u0430\u0442\u0435\u043b\u0441\u0442\u0432\u043e \u0437\u0430 \u0430\u0432\u0442\u043e\u0440\u0441\u043a\u043e\u0442\u043e \u043f\u0440\u0430\u0432\u043e. \u0412\u044a\u0437\u043f\u0440\u043e\u0438\u0437\u0432\u0435\u0436\u0434\u0430\u043d\u0435\u0442\u043e, \u0440\u0435\u0434\u0430\u043a\u0442\u0438\u0440\u0430\u043d\u0435\u0442\u043e, \u0440\u0430\u0437\u043f\u0440\u043e\u0441\u0442\u0440\u0430\u043d\u0435\u043d\u0438\u0435\u0442\u043e \u0438 \u0432\u0441\u044f\u043a\u0430\u043a\u044a\u0432 \u0432\u0438\u0434 \u0438\u0437\u043f\u043e\u043b\u0437\u0432\u0430\u043d\u0435 \u0438\u0437\u0432\u044a\u043d \u0433\u0440\u0430\u043d\u0438\u0446\u0438\u0442\u0435 \u043d\u0430 \u0437\u0430\u043a\u043e\u043d\u0430 \u0437\u0430 \u0430\u0432\u0442\u043e\u0440\u0441\u043a\u043e\u0442\u043e \u043f\u0440\u0430\u0432\u043e \u0438\u0437\u0438\u0441\u043a\u0432\u0430\u0442 \u043f\u0438\u0441\u043c\u0435\u043d\u043e\u0442\u043e \u0441\u044a\u0433\u043b\u0430\u0441\u0438\u0435 \u043d\u0430 \u0441\u044a\u043e\u0442\u0432\u0435\u0442\u043d\u0438\u044f \u0430\u0432\u0442\u043e\u0440 \u0438\u043b\u0438 \u0441\u044a\u0437\u0434\u0430\u0442\u0435\u043b. \u0418\u0437\u0442\u0435\u0433\u043b\u044f\u043d\u0435\u0442\u043e \u0438 \u043a\u043e\u043f\u0438\u0440\u0430\u043d\u0435\u0442\u043e \u043d\u0430 \u0442\u043e\u0437\u0438 \u0441\u0430\u0439\u0442 \u0435 \u0440\u0430\u0437\u0440\u0435\u0448\u0435\u043d\u043e \u0441\u0430\u043c\u043e \u0437\u0430 \u043b\u0438\u0447\u043d\u0430 \u0443\u043f\u043e\u0442\u0440\u0435\u0431\u0430 \u0441 \u043d\u0435\u0442\u044a\u0440\u0433\u043e\u0432\u0441\u043a\u0430 \u0446\u0435\u043b. \u0414\u043e\u043a\u043e\u043b\u043a\u043e\u0442\u043e \u0441\u044a\u0434\u044a\u0440\u0436\u0430\u043d\u0438\u0435\u0442\u043e \u043d\u0430 \u0442\u043e\u0437\u0438 \u0441\u0430\u0439\u0442 \u043d\u0435 \u0435 \u0441\u044a\u0437\u0434\u0430\u0434\u0435\u043d\u043e \u043e\u0442 \u043e\u043f\u0435\u0440\u0430\u0442\u043e\u0440\u0430, \u0430\u0432\u0442\u043e\u0440\u0441\u043a\u0438\u0442\u0435 \u043f\u0440\u0430\u0432\u0430 \u043d\u0430 \u0442\u0440\u0435\u0442\u0438 \u0441\u0442\u0440\u0430\u043d\u0438 \u0441\u0435 \u0441\u043f\u0430\u0437\u0432\u0430\u0442. \u041f\u043e-\u0441\u043f\u0435\u0446\u0438\u0430\u043b\u043d\u043e, \u0441\u044a\u0434\u044a\u0440\u0436\u0430\u043d\u0438\u0435\u0442\u043e \u043d\u0430 \u0442\u0440\u0435\u0442\u0438 \u0441\u0442\u0440\u0430\u043d\u0438 \u0435 \u043e\u0431\u043e\u0437\u043d\u0430\u0447\u0435\u043d\u043e \u043a\u0430\u0442\u043e \u0442\u0430\u043a\u043e\u0432\u0430. \u0410\u043a\u043e \u0432\u044a\u043f\u0440\u0435\u043a\u0438 \u0442\u043e\u0432\u0430 \u0432\u0438 \u0441\u0442\u0430\u043d\u0435 \u0438\u0437\u0432\u0435\u0441\u0442\u043d\u043e, \u0447\u0435 \u0438\u043c\u0430 \u043d\u0430\u0440\u0443\u0448\u0435\u043d\u0438\u0435 \u043d\u0430 \u0430\u0432\u0442\u043e\u0440\u0441\u043a\u0438\u0442\u0435 \u043f\u0440\u0430\u0432\u0430, \u043c\u043e\u043b\u044f, \u0438\u043d\u0444\u043e\u0440\u043c\u0438\u0440\u0430\u0439\u0442\u0435 \u043d\u0438 \u0437\u0430 \u0442\u043e\u0432\u0430. \u0410\u043a\u043e \u0440\u0430\u0437\u0431\u0435\u0440\u0435\u043c \u0437\u0430 \u043d\u0430\u0440\u0443\u0448\u0435\u043d\u0438\u044f, \u0449\u0435 \u043f\u0440\u0435\u043c\u0430\u0445\u043d\u0435\u043c \u0442\u043e\u0432\u0430 \u0441\u044a\u0434\u044a\u0440\u0436\u0430\u043d\u0438\u0435 \u043d\u0435\u0437\u0430\u0431\u0430\u0432\u043d\u043e.<\/p>","protected":false},"excerpt":{"rendered":"<p>Verantwortlich f\u00fcr den Inhalt dieser Seite: personal for youIhr Partner f\u00fcr Personall\u00f6sungenHohnerstra\u00dfe 2570469 Stuttgart Tel. +49 711 25 35 81 &#8211; 0Fax +49 711 25 35 81 &#8211; 10info@personalforyou.comwww.personalforyou.comInhaber Demo Federico e.K. Firmensitz StuttgartHandelsregisternummer HRA 730404Amtsgericht StuttgartSteuer Nr. 93061\/32919Ust.-ID. DE297802665made by www.lichtblick.digital Haftungsausschluss Haftung f\u00fcr Inhalte Die Inhalte unserer Seite wurden mit gr\u00f6\u00dfter Sorgfalt erstellt. [&hellip;]<\/p>\n","protected":false},"author":1,"featured_media":0,"parent":0,"menu_order":0,"comment_status":"closed","ping_status":"closed","template":"templates\/template-privacy.php","meta":{"_acf_changed":false,"inline_featured_image":false,"footnotes":""},"class_list":["post-33","page","type-page","status-publish","hentry"],"acf":[],"_links":{"self":[{"href":"https:\/\/personalforyou.com\/bg\/wp-json\/wp\/v2\/pages\/33","targetHints":{"allow":["GET"]}}],"collection":[{"href":"https:\/\/personalforyou.com\/bg\/wp-json\/wp\/v2\/pages"}],"about":[{"href":"https:\/\/personalforyou.com\/bg\/wp-json\/wp\/v2\/types\/page"}],"author":[{"embeddable":true,"href":"https:\/\/personalforyou.com\/bg\/wp-json\/wp\/v2\/users\/1"}],"replies":[{"embeddable":true,"href":"https:\/\/personalforyou.com\/bg\/wp-json\/wp\/v2\/comments?post=33"}],"version-history":[{"count":0,"href":"https:\/\/personalforyou.com\/bg\/wp-json\/wp\/v2\/pages\/33\/revisions"}],"wp:attachment":[{"href":"https:\/\/personalforyou.com\/bg\/wp-json\/wp\/v2\/media?parent=33"}],"curies":[{"name":"\u0440\u0430\u0431\u043e\u0442\u043d\u0430 \u0441\u0440\u0435\u0449\u0430","href":"https:\/\/api.w.org\/{rel}","templated":true}]}}